{"id":322,"date":"2020-09-11T10:58:10","date_gmt":"2020-09-11T10:58:10","guid":{"rendered":"http:\/\/donegalfiddlemusic.ie\/donegalfiddlers\/?page_id=322"},"modified":"2020-12-14T13:22:58","modified_gmt":"2020-12-14T13:22:58","slug":"house-dances-house-dance-music","status":"publish","type":"page","link":"https:\/\/donegalfiddlemusic.ie\/donegalfiddlers\/house-dances-house-dance-music\/","title":{"rendered":"House Dances &#038; House Dance Music"},"content":{"rendered":"<p>[et_pb_section fb_built=&#8221;1&#8243; admin_label=&#8221;Feature Section 01&#8243; _builder_version=&#8221;4.6.1&#8243; background_enable_color=&#8221;off&#8221; custom_margin=&#8221;-60px||||false|false&#8221; custom_padding=&#8221;0px||0px|&#8221; box_shadow_style=&#8221;preset7&#8243; box_shadow_horizontal=&#8221;0px&#8221; box_shadow_vertical=&#8221;100px&#8221; box_shadow_color=&#8221;#ffffff&#8221; global_module=&#8221;397&#8243;][et_pb_row column_structure=&#8221;1_2,1_2&#8243; use_custom_gutter=&#8221;on&#8221; gutter_width=&#8221;1&#8243; admin_label=&#8221;Feature Area&#8221; module_class=&#8221; et_pb_row_fullwidth&#8221; _builder_version=&#8221;4.6.1&#8243; background_color=&#8221;#8f8f8f&#8221; width=&#8221;100%&#8221; width_tablet=&#8221;100%&#8221; width_phone=&#8221;&#8221; width_last_edited=&#8221;on|desktop&#8221; max_width=&#8221;100%&#8221; max_width_tablet=&#8221;100%&#8221; max_width_phone=&#8221;&#8221; max_width_last_edited=&#8221;on|desktop&#8221; custom_margin=&#8221;|||&#8221; custom_padding=&#8221;0px||0px|||&#8221; make_fullwidth=&#8221;on&#8221;][et_pb_column type=&#8221;1_2&#8243; _builder_version=&#8221;4.6.1&#8243; custom_padding=&#8221;200px|6%||6%|false|false&#8221; custom_padding__hover=&#8221;|||&#8221;][et_pb_text content_tablet=&#8221;<\/p>\n<h2>Jim Doherty (1939 \u2013 2012)<\/h2>\n<p>&#8221; content_phone=&#8221;<\/p>\n<h2>Jim Doherty (1939 \u2013 2012)<\/h2>\n<p>&#8221; content_last_edited=&#8221;on|phone&#8221; admin_label=&#8221;Title&#8221; _builder_version=&#8221;4.6.1&#8243; text_font=&#8221;Montserrat||||||||&#8221; text_text_color=&#8221;#747d88&#8243; text_font_size=&#8221;16px&#8221; text_line_height=&#8221;1.9em&#8221; header_font=&#8221;||||||||&#8221; header_text_align=&#8221;left&#8221; header_2_font=&#8221;Montserrat|700||on|||||&#8221; header_2_font_size=&#8221;27px&#8221; header_2_line_height=&#8221;1.3em&#8221; background_layout=&#8221;dark&#8221; max_width=&#8221;700px&#8221; module_alignment=&#8221;left&#8221; min_height=&#8221;85px&#8221; custom_margin=&#8221;-60px||45px||false|false&#8221; animation_style=&#8221;slide&#8221; animation_direction=&#8221;bottom&#8221; animation_intensity_slide=&#8221;4%&#8221; locked=&#8221;off&#8221;]<\/p>\n<h2>Jim Doherty (1939 \u2013 2012)<\/h2>\n<p>[\/et_pb_text][et_pb_blurb icon_placement=&#8221;left&#8221; _builder_version=&#8221;4.6.1&#8243; _module_preset=&#8221;default&#8221; body_font=&#8221;Montserrat||||||||&#8221; body_font_size=&#8221;22px&#8221; body_line_height=&#8221;1.8em&#8221; body_quote_border_color=&#8221;#ffffff&#8221; background_layout=&#8221;dark&#8221; custom_margin=&#8221;||76px||false|false&#8221;]<\/p>\n<blockquote>\n<p><i><span>\u201c The\u00a0music around here went from generation to generation. I got it from my father and he got it from the likes of the old fiddlers before him.\u201d <\/span><\/i>\u2013 Jim Doherty<\/p>\n<\/blockquote>\n<p>[\/et_pb_blurb][\/et_pb_column][et_pb_column type=&#8221;1_2&#8243; _builder_version=&#8221;3.25&#8243; custom_padding=&#8221;0px|||&#8221; custom_padding__hover=&#8221;|||&#8221;][et_pb_image src=&#8221;https:\/\/donegalfiddlemusic.ie\/donegalfiddlers\/wp-content\/uploads\/2020\/09\/Jim-Doherty-Photo.jpg&#8221; title_text=&#8221;Jim Doherty Photo&#8221; align=&#8221;right&#8221; align_tablet=&#8221;center&#8221; align_phone=&#8221;&#8221; align_last_edited=&#8221;on|desktop&#8221; _builder_version=&#8221;4.6.1&#8243; module_alignment=&#8221;right&#8221; custom_margin=&#8221;|||&#8221; custom_padding=&#8221;|||&#8221; animation_style=&#8221;slide&#8221; animation_direction=&#8221;bottom&#8221; animation_intensity_slide=&#8221;6%&#8221; animation_starting_opacity=&#8221;100%&#8221;][\/et_pb_image][\/et_pb_column][\/et_pb_row][\/et_pb_section][et_pb_section fb_built=&#8221;1&#8243; admin_label=&#8221;Projects Section&#8221; _builder_version=&#8221;3.22&#8243; custom_margin=&#8221;|||&#8221; custom_padding=&#8221;0px||110px|||&#8221;][et_pb_row admin_label=&#8221;Project 01&#8243; _builder_version=&#8221;3.25&#8243; background_size=&#8221;initial&#8221; background_position=&#8221;top_left&#8221; background_repeat=&#8221;repeat&#8221; custom_padding=&#8221;|||&#8221;][et_pb_column type=&#8221;4_4&#8243; _builder_version=&#8221;3.25&#8243; custom_padding=&#8221;5%||5%|&#8221; custom_padding__hover=&#8221;|||&#8221;][et_pb_text admin_label=&#8221;Number&#8221; _builder_version=&#8221;4.6.1&#8243; text_font=&#8221;Montserrat|on|||&#8221; text_text_color=&#8221;#fcd21d&#8221; text_font_size=&#8221;60px&#8221; text_line_height=&#8221;1em&#8221; background_size=&#8221;initial&#8221; background_position=&#8221;top_left&#8221; background_repeat=&#8221;repeat&#8221; animation_style=&#8221;slide&#8221; animation_direction=&#8221;bottom&#8221; animation_intensity_slide=&#8221;20%&#8221;]House Dances<br \/>\n[\/et_pb_text][et_pb_cta title=&#8221;House Dances and House Dance Music&#8221; button_url=&#8221;#&#8221; _builder_version=&#8221;4.6.1&#8243; header_font=&#8221;Montserrat|700|||||||&#8221; header_text_color=&#8221;#353740&#8243; header_line_height=&#8221;1.5em&#8221; body_font=&#8221;Montserrat||||||||&#8221; body_text_color=&#8221;#747d88&#8243; body_font_size=&#8221;18px&#8221; body_line_height=&#8221;1.8em&#8221; use_background_color=&#8221;off&#8221; background_size=&#8221;initial&#8221; background_position=&#8221;top_left&#8221; background_repeat=&#8221;repeat&#8221; custom_button=&#8221;on&#8221; button_text_color=&#8221;#747d88&#8243; button_border_width=&#8221;4px&#8221; button_border_color=&#8221;#747d88&#8243; button_border_radius=&#8221;100px&#8221; button_letter_spacing=&#8221;2px&#8221; button_font=&#8221;Montserrat|700||on|||||&#8221; button_icon=&#8221;%%36%%&#8221; button_icon_color=&#8221;#747d88&#8243; text_orientation=&#8221;left&#8221; background_layout=&#8221;light&#8221; animation_style=&#8221;slide&#8221; animation_direction=&#8221;top&#8221; animation_intensity_slide=&#8221;6%&#8221; button_bg_color_hover=&#8221;rgba(0,0,0,0)&#8221; button_text_size__hover_enabled=&#8221;off&#8221; button_one_text_size__hover_enabled=&#8221;off&#8221; button_two_text_size__hover_enabled=&#8221;off&#8221; button_text_color__hover_enabled=&#8221;off&#8221; button_one_text_color__hover_enabled=&#8221;off&#8221; button_two_text_color__hover_enabled=&#8221;off&#8221; button_border_width__hover_enabled=&#8221;off&#8221; button_one_border_width__hover_enabled=&#8221;off&#8221; button_two_border_width__hover_enabled=&#8221;off&#8221; button_border_color__hover_enabled=&#8221;off&#8221; button_one_border_color__hover_enabled=&#8221;off&#8221; button_two_border_color__hover_enabled=&#8221;off&#8221; button_border_radius__hover_enabled=&#8221;off&#8221; button_one_border_radius__hover_enabled=&#8221;off&#8221; button_two_border_radius__hover_enabled=&#8221;off&#8221; button_letter_spacing__hover_enabled=&#8221;off&#8221; button_one_letter_spacing__hover_enabled=&#8221;off&#8221; button_two_letter_spacing__hover_enabled=&#8221;off&#8221; button_bg_color__hover_enabled=&#8221;on&#8221; button_bg_color__hover=&#8221;rgba(0,0,0,0)&#8221; button_one_bg_color__hover_enabled=&#8221;off&#8221; button_two_bg_color__hover_enabled=&#8221;off&#8221;]<\/p>\n<p>&#8220;The terms <em>house dance s<\/em>and <em>house dance music\u00a0<\/em>comes up regularly enough in discussions about the Irish music tradition of the past. Many feel familiar with the concept of what those social occasions were and the music that was played at them. However, since their onwards decline from the 1940s onwards in County Donegal traditional players have become increasingly disconnected from them. The vast majority of adult players of today have never personally experienced them in their natural social setting. The presumptions that we know about them is simply that, a presumption.<\/p>\n<p>What complicates our appreciation of these once essential parts of rural social life is that the players, such as the late great Danny O\u2019Donnell who often noted that &#8220;I cut my musical eye teeth as a young lad playing for house dances on Cruit Island&#8221;, have mainly passed on to their eternal reward. We have less and less opportunity to learn first-hand of the social settings, events and tunes which created this unique environment.<\/p>\n<p>One such player who opened a direct window to the house dance tradition was the late fiddler Jim Doherty of the townland of Legnahoorey (<em>Lag na h\u00dara\u00ed\u00a0<\/em>in the Irish language). Jim played for house dances in his youth and learned to play fiddle from his father, Neil, who spent a great deal of his youth playing at house dances in the area. Neil learned from two near neighbours, Robert Sproule and Matthew Buchanan who were older and again spent a considerable portion of their social lives playing for house dances. Through this lineage the experiences, stories and of great importance, the tunes and how to play them, passed on by Jim Doherty. Listening to Jim play his house dance repertoire opens a window allowing the sounds, tunes and their rhythms filter in to our lives. We can gain an excellent picture into this important element of the tradition and its transmission across generations from a wonderful player steeped in its magic.<\/p>\n<h2>Neil Doherty, Robert Sproule and Matthew Buchanan<\/h2>\n<h2>\u2013 Neighbours, Farmers and Fiddlers<\/h2>\n<p>Jim\u2019s father, Neil Doherty, was born at the family farm in the townland of Legnahoorey (Lag na h\u00dara\u00ed in the Irish language), \u00a0just southwest of the village Kilmacrennan (Cill Mhic N\u00e9an\u00e1in in the Irish language). The 1911 Census of Ireland records a twelve year old Neil Doherty living with his widowed aunt, Nancy Gallagher, a farmer in the nearby townland of Letterfad. Given that it was very commonplace for children of that age to be fostered out to live with elderly, widowed or infirmed relations it is very likely this is the same Neil Doherty of Legnahoorey and likely to have been born around 1899.<\/p>\n<p>Neil Doherty was a small farmer of the family lands in Legnahoorey. He was a renowned ploughman, a craft which was important and those who showed aptitude in ploughing were held in high esteem in the rural community. He began to play the fiddle at an early age and made great progress. Neil was invited to play for house dances by neighbouring farmers Robert Sproule and Matthew Buchanan. Sproule and Buchanan were both bachelor farmers and were known to be more interested in playing fiddles than farming. They had built a firm reputation as the fiddlers of choice for house dances in the locality.<\/p>\n<p>Only one Robert Sproule is recorded in Donegal the 1901 Census of Ireland. He is listed as being a bachelor farmer of forty five years of age on March 31<sup>st<\/sup>of that year indicating a year of birth around 1856. He was living with his two sisters in the townland of Dromore (which appears mis-spelt in the 1901 online records as Dromone). Robert reappears in the 1911 Census with the correct spelling of the townland and again living with his two sisters. The recording of ages in the various census of this period was regularly not accurate for a variety of reasons and in 1911 Robert was listed as being sixty eight years of age indicating a year of birth around 1843. The 1856 year of birth is the more likely of the two. Robert is identified as having given the jig (listed as a cotillion, often used in Irish in Donegal as <em>coitile\u00e1n<\/em>, to describe a jig) <em>The Humours of Baile na Fead\u00a0<\/em>to Proinseas Mac Suibhne, a noted north Donegal fiddler of the late 1800s, who served as Padraig Mac Aodh O\u2019Neill\u2019s source for his transcription of the tune in <em>Songs of Uladh\u00a0<\/em>(1904). Mac Aodh O\u2019Neill confirms Robert\u2019s place of residence as in the townland of <em>Druim-m\u00f3r\u00a0<\/em>(Dromore), <em>Cill Mac nEnain\u00a0<\/em>[sic.] (Kilmacrennan).<\/p>\n<p>A near neighbour in the same townland of Dromore and only a very short distance from Neil Doherty\u2019s cottage in Legnahoorey during the 1901 Census of Ireland was Matthew Buchanan who was listed as the thirty year old son of Alexander and Eliza Buchanan along with Matthew\u2019s older brother, John and sister, Annie. This would indicate a year of birth for Matthew around 1871. He appears with all of the latter relations except his sister, Annie, in the 1911 Census of Ireland where he is recorded as being thirty five years of age thus indicating a year of birth of 1876.<\/p>\n<p>\u00a0 Through his association with Robert Sproule and Matthew Buchanan in playing for house dances Neil Doherty quickly absorbed the old repertoire required to play for the various types of couple dance tunes popular with dancers in the locality. An excellent example of one such rare tune which was passed on to his son, Jim, which Neil learned from Sproule and Buchanan, was double jig, <em>The Woodpecker<\/em>. Given his age and known association with Robert Sproule and Matthew Buchanan, it is likely that he personally knew or at least had heard of the fiddlers documented by Padraig Mac Aodh O\u2019Neill in <em>Songs of Uladh<\/em>. These included Proinseas Mac Suibhne and his father Seaghan, from the townland of <em>Na Fanaibh\u00a0<\/em>(Fawans), <em>Cill Mhic n\u00c9an\u00e1in<\/em>, (Kilmacrennan), Domhnaill An Tailliura M\u00f3r Mac Lochlann from the townland of <em>Droim Leargaigh<\/em>, (Drumlurgagh), <em>Cill Mhic n\u00c9an\u00e1in<\/em>, (Kilmacrennan), Seumas O Domhnaill of <em>Cluain Cille\u00a0<\/em>(Clonkilly)\u00a0<em>Cill Mhic n\u00c9an\u00e1in<\/em>, (Kilmacrennan), Aodh Gordon of <em>C\u00e9ise L\u00edon\u00e1in\u00a0<\/em>(Casheleenan) <em>Cill Mhic n\u00c9an\u00e1in<\/em>, (Kilmacrennan), Antoine Mac Suibhne of <em>Bearnas<\/em>, (Barnes), <em>Tearmann\u00a0<\/em>(Termon) and Uilliam Ua Curthrainn of <em>Gleann tSuile\u00a0<\/em>(Glenswilly). Another fiddler possibly known to Neil was Nabla N\u00ed hAnl\u00faain, who was living in the workhouse at Dunfanaghy in the early 1900s as she had been evicted from the Olphert Estate. Nabla was born in 1832. She appears in the 1901 Census as Bella Hanlon, a border in the cottage of Ellen McCafferty of <em>Ardaigh Beaga<\/em>, <em>Gort a\u2019 Choirce\u00a0<\/em>(Gortahork). Given that the fiddler P\u00e1draig Mac Suibhne, brother of the piper and fiddler Tarlach Mac Suibhne, An P\u00edobaire M\u00f3r, had lived for a long time in the area and was not long dead he and his famous brother, Tarlach, may have also been known to Neil.<\/p>\n<p>Neil\u2019s son, John, learned the fiddle from his father and began playing duets for local house dances with Paddy Toner from nearby Glen. Paddy was a skilled fiddler and the duet continued in great demand until Paddy left for Cork to undertake work there. With his playing partner gone and John taking up bouts of seasonal employment in Scotland his interest in fiddling diminished.<\/p>\n<h2>Family and Farming<\/h2>\n<p>A lifelong love of fiddle playing emerged in one of Neil\u2019s younger sons, Jim.\u00a0 Jim Doherty was born at the family home in Legnahoorey on June 10<sup>th<\/sup>, 1939. Growing up on the farm he was well honed in the agricultural practices of farming a small Donegal holding. He married happily and reared a family. Always humble, he was a well-respected and admired by his friends and neighbours.<\/p>\n<p>[\/et_pb_cta][\/et_pb_column][\/et_pb_row][\/et_pb_section][et_pb_section fb_built=&#8221;1&#8243; admin_label=&#8221;Contact Form Section&#8221; _builder_version=&#8221;3.22&#8243; background_color=&#8221;#fcd21d&#8221; custom_padding=&#8221;110px||110px|&#8221; animation_style=&#8221;zoom&#8221; animation_direction=&#8221;bottom&#8221; animation_intensity_zoom=&#8221;10%&#8221; global_module=&#8221;411&#8243; saved_tabs=&#8221;all&#8221;][et_pb_row admin_label=&#8221;Service Section Title&#8221; _builder_version=&#8221;3.25&#8243; custom_margin=&#8221;||40px|&#8221; animation_style=&#8221;fade&#8221; animation_direction=&#8221;top&#8221; locked=&#8221;off&#8221;][et_pb_column type=&#8221;4_4&#8243; _builder_version=&#8221;3.25&#8243; custom_padding=&#8221;|||&#8221; custom_padding__hover=&#8221;|||&#8221;][et_pb_text admin_label=&#8221;Title&#8221; _builder_version=&#8221;4.6.1&#8243; text_font=&#8221;Montserrat||||||||&#8221; text_text_color=&#8221;#747d88&#8243; text_font_size=&#8221;16px&#8221; text_line_height=&#8221;1.9em&#8221; header_font=&#8221;||||||||&#8221; header_2_font=&#8221;Montserrat|700||on|||||&#8221; header_2_font_size=&#8221;42px&#8221; header_2_line_height=&#8221;1.3em&#8221; background_size=&#8221;initial&#8221; background_position=&#8221;top_left&#8221; background_repeat=&#8221;repeat&#8221; text_orientation=&#8221;center&#8221; max_width=&#8221;700px&#8221; module_alignment=&#8221;center&#8221; animation_style=&#8221;slide&#8221; animation_direction=&#8221;bottom&#8221; animation_intensity_slide=&#8221;4%&#8221;]<\/p>\n<h2><strong>Bu\u00edochas<\/strong><\/h2>\n<p>[\/et_pb_text][et_pb_text admin_label=&#8221;Subtitle&#8221; _builder_version=&#8221;4.6.1&#8243; text_font=&#8221;Montserrat||||&#8221; text_text_color=&#8221;#353740&#8243; text_font_size=&#8221;16px&#8221; text_line_height=&#8221;1.8em&#8221; header_font=&#8221;||||||||&#8221; background_size=&#8221;initial&#8221; background_position=&#8221;top_left&#8221; background_repeat=&#8221;repeat&#8221; text_orientation=&#8221;center&#8221; max_width=&#8221;700px&#8221; module_alignment=&#8221;center&#8221; custom_margin=&#8221;|||&#8221; animation_style=&#8221;slide&#8221; animation_direction=&#8221;bottom&#8221; animation_delay=&#8221;100ms&#8221; animation_intensity_slide=&#8221;4%&#8221;]Cairdeas na bhFidl\u00e9ir\u00ed wishes to express our sincerest thanks to the Doherty family for its support for this project. We wish to acknowledge kind assistance of Jackie Small, Terry Moylan and Pete Clarke in assisting with the identification of the tune titles for a number of the less well-known tunes played by Jim. Likewise, we are grateful to Patrick McBride of Mulroy Bay Music for sharing a number of tracks of Jim Doherty\u2019s playing with us.[\/et_pb_text][et_pb_text admin_label=&#8221;Subtitle&#8221; _builder_version=&#8221;4.6.1&#8243; text_font=&#8221;Montserrat||||&#8221; text_text_color=&#8221;#353740&#8243; text_font_size=&#8221;16px&#8221; text_line_height=&#8221;1.8em&#8221; header_font=&#8221;||||||||&#8221; background_size=&#8221;initial&#8221; background_position=&#8221;top_left&#8221; background_repeat=&#8221;repeat&#8221; text_orientation=&#8221;center&#8221; max_width=&#8221;700px&#8221; module_alignment=&#8221;center&#8221; custom_margin=&#8221;|||&#8221; animation_style=&#8221;slide&#8221; animation_direction=&#8221;bottom&#8221; animation_delay=&#8221;100ms&#8221; animation_intensity_slide=&#8221;4%&#8221;]<strong>This project has been funded and made possible through Cairdeas na bhFidl\u00e9ir\u00ed\u2019s Annual Strategic Grant from the Arts Council.<\/strong>[\/et_pb_text][et_pb_image src=&#8221;https:\/\/donegalfiddlemusic.ie\/donegalfiddlers\/wp-content\/uploads\/2020\/09\/AC_FUND_TradArts.png&#8221; alt=&#8221;Arts Council Traditional Arts Fund&#8221; title_text=&#8221;Arts Council Traditional Arts Fund&#8221; url=&#8221;http:\/\/www.artscouncil.ie\/home\/&#8221; url_new_window=&#8221;on&#8221; _builder_version=&#8221;4.6.1&#8243; _module_preset=&#8221;default&#8221; width=&#8221;31%&#8221; max_width=&#8221;27%&#8221; module_alignment=&#8221;center&#8221;][\/et_pb_image][\/et_pb_column][\/et_pb_row][\/et_pb_section]<\/p>\n","protected":false},"excerpt":{"rendered":"<p>[et_pb_section fb_built=&#8221;1&#8243; admin_label=&#8221;Feature Section 01&#8243; _builder_version=&#8221;4.6.1&#8243; background_enable_color=&#8221;off&#8221; custom_margin=&#8221;-60px||||false|false&#8221; custom_padding=&#8221;0px||0px|&#8221; box_shadow_style=&#8221;preset7&#8243; box_shadow_horizontal=&#8221;0px&#8221; box_shadow_vertical=&#8221;100px&#8221; box_shadow_color=&#8221;#ffffff&#8221; global_module=&#8221;397&#8243;][et_pb_row column_structure=&#8221;1_2,1_2&#8243; use_custom_gutter=&#8221;on&#8221; gutter_width=&#8221;1&#8243; admin_label=&#8221;Feature Area&#8221; module_class=&#8221; et_pb_row_fullwidth&#8221; _builder_version=&#8221;4.6.1&#8243; background_color=&#8221;#8f8f8f&#8221; width=&#8221;100%&#8221; width_tablet=&#8221;100%&#8221; width_phone=&#8221;&#8221; width_last_edited=&#8221;on|desktop&#8221; max_width=&#8221;100%&#8221; max_width_tablet=&#8221;100%&#8221; max_width_phone=&#8221;&#8221; max_width_last_edited=&#8221;on|desktop&#8221; custom_margin=&#8221;|||&#8221; custom_padding=&#8221;0px||0px|||&#8221; make_fullwidth=&#8221;on&#8221;][et_pb_column type=&#8221;1_2&#8243; _builder_version=&#8221;4.6.1&#8243; custom_padding=&#8221;200px|6%||6%|false|false&#8221; custom_padding__hover=&#8221;|||&#8221;][et_pb_text content_tablet=&#8221; Jim Doherty (1939 \u2013 2012) &#8221; content_phone=&#8221; Jim Doherty (1939 \u2013 2012) &#8221; content_last_edited=&#8221;on|phone&#8221; admin_label=&#8221;Title&#8221; _builder_version=&#8221;4.6.1&#8243; [&hellip;]<\/p>\n","protected":false},"author":1,"featured_media":0,"parent":0,"menu_order":0,"comment_status":"closed","ping_status":"closed","template":"","meta":{"_et_pb_use_builder":"on","_et_pb_old_content":"","_et_gb_content_width":""},"_links":{"self":[{"href":"https:\/\/donegalfiddlemusic.ie\/donegalfiddlers\/wp-json\/wp\/v2\/pages\/322"}],"collection":[{"href":"https:\/\/donegalfiddlemusic.ie\/donegalfiddlers\/wp-json\/wp\/v2\/pages"}],"about":[{"href":"https:\/\/donegalfiddlemusic.ie\/donegalfiddlers\/wp-json\/wp\/v2\/types\/page"}],"author":[{"embeddable":true,"href":"https:\/\/donegalfiddlemusic.ie\/donegalfiddlers\/wp-json\/wp\/v2\/users\/1"}],"replies":[{"embeddable":true,"href":"https:\/\/donegalfiddlemusic.ie\/donegalfiddlers\/wp-json\/wp\/v2\/comments?post=322"}],"version-history":[{"count":16,"href":"https:\/\/donegalfiddlemusic.ie\/donegalfiddlers\/wp-json\/wp\/v2\/pages\/322\/revisions"}],"predecessor-version":[{"id":600,"href":"https:\/\/donegalfiddlemusic.ie\/donegalfiddlers\/wp-json\/wp\/v2\/pages\/322\/revisions\/600"}],"wp:attachment":[{"href":"https:\/\/donegalfiddlemusic.ie\/donegalfiddlers\/wp-json\/wp\/v2\/media?parent=322"}],"curies":[{"name":"wp","href":"https:\/\/api.w.org\/{rel}","templated":true}]}}